{"id":56,"date":"2020-09-16T10:43:51","date_gmt":"2020-09-16T10:43:51","guid":{"rendered":"https:\/\/www.lecco-pizza.de\/index.php\/home\/"},"modified":"2025-12-02T22:15:07","modified_gmt":"2025-12-02T21:15:07","slug":"home","status":"publish","type":"page","link":"https:\/\/www.lecco-pizza.de\/","title":{"rendered":"Startseite"},"content":{"rendered":"\n<div class=\"wp-block-uagb-container uagb-block-d478d52e alignfull uagb-is-root-container\"><div class=\"uagb-container-inner-blocks-wrap\">\n<div class=\"wp-block-uagb-container uagb-block-edb7d651\">\n<div class=\"wp-block-uagb-image aligncenter uagb-block-a630897d wp-block-uagb-image--layout-default wp-block-uagb-image--effect-static wp-block-uagb-image--align-center\"><figure class=\"wp-block-uagb-image__figure\"><img decoding=\"async\" srcset=\"https:\/\/www.lecco-pizza.de\/wp-content\/uploads\/2020\/09\/fork-free-img.png \" sizes=\"auto, (max-width: 480px) 150px\" src=\"https:\/\/www.lecco-pizza.de\/wp-content\/uploads\/2020\/09\/fork-free-img.png\" alt=\"\" class=\"uag-image-48\" width=\"57\" height=\"400\" title=\"\" loading=\"lazy\" role=\"img\"\/><\/figure><\/div>\n<\/div>\n\n\n\n<div class=\"wp-block-uagb-container uagb-block-1aa026df\">\n<div class=\"wp-block-uagb-image aligncenter uagb-block-f551dd66 wp-block-uagb-image--layout-default wp-block-uagb-image--effect-static wp-block-uagb-image--align-center\"><figure class=\"wp-block-uagb-image__figure\"><img decoding=\"async\" srcset=\"https:\/\/www.lecco-pizza.de\/wp-content\/uploads\/2020\/09\/frill-free-img.png \" sizes=\"auto, (max-width: 480px) 150px\" src=\"https:\/\/www.lecco-pizza.de\/wp-content\/uploads\/2020\/09\/frill-free-img.png\" alt=\"\" class=\"uag-image-4\" width=\"250\" height=\"27\" title=\"\" loading=\"lazy\" role=\"img\"\/><\/figure><\/div>\n\n\n\n<div class=\"wp-block-uagb-advanced-heading uagb-block-3b5434e7\"><h6 class=\"uagb-heading-text\">Lecco.<\/h6><\/div>\n\n\n\n<div class=\"wp-block-uagb-advanced-heading uagb-block-a869fa30\"><h3 class=\"uagb-heading-text\"><strong>Der Geschmack Italiens ganz in Ihrer N\u00e4he!<\/strong><\/h3><\/div>\n\n\n\n<div class=\"wp-block-uagb-container uagb-block-f1b7160c\">\n<div class=\"wp-block-uagb-container uag-hide-mob uagb-block-b934fdec\">\n<div class=\"wp-block-uagb-info-box uagb-block-d9b63caa uagb-infobox__content-wrap  uagb-infobox-icon-above-title uagb-infobox-image-valign-top\"><div class=\"uagb-ifb-content\"><div class=\"uagb-ifb-title-wrap\"><\/div><div class=\"uagb-ifb-separator\"><\/div><\/div><\/div>\n<\/div>\n\n\n\n<div class=\"wp-block-uagb-container uagb-block-58cb4685\">\n<div class=\"wp-block-uagb-advanced-heading uagb-block-f1970bea\"><h3 class=\"uagb-heading-text\">Good Pizza | Good Wine<\/h3><\/div>\n<\/div>\n\n\n\n<div class=\"wp-block-uagb-container uag-hide-mob uagb-block-bfaf065f\">\n<div class=\"wp-block-uagb-info-box uagb-block-8e47f660 uagb-infobox__content-wrap  uagb-infobox-icon-above-title uagb-infobox-image-valign-top\"><div class=\"uagb-ifb-content\"><div class=\"uagb-ifb-title-wrap\"><\/div><div class=\"uagb-ifb-separator\"><\/div><\/div><\/div>\n<\/div>\n<\/div>\n<\/div>\n\n\n\n<div class=\"wp-block-uagb-container uagb-block-1d3b72c6\">\n<div class=\"wp-block-uagb-image aligncenter uagb-block-a0301ab5 wp-block-uagb-image--layout-default wp-block-uagb-image--effect-static wp-block-uagb-image--align-center\"><figure class=\"wp-block-uagb-image__figure\"><img decoding=\"async\" srcset=\"https:\/\/www.lecco-pizza.de\/wp-content\/uploads\/2020\/09\/knife-free-imge.png \" sizes=\"auto, (max-width: 480px) 150px\" src=\"https:\/\/www.lecco-pizza.de\/wp-content\/uploads\/2020\/09\/knife-free-imge.png\" alt=\"\" class=\"uag-image-9\" width=\"57\" height=\"400\" title=\"\" loading=\"lazy\" role=\"img\"\/><\/figure><\/div>\n<\/div>\n<\/div><\/div>\n\n\n\n<div class=\"wp-block-uagb-container uagb-layout-grid uagb-block-2a02ab9d alignfull uagb-is-root-container\"><div class=\"uagb-container-inner-blocks-wrap\">\n<div class=\"wp-block-uagb-container uagb-block-13025f03\">\n<div class=\"wp-block-uagb-advanced-heading uagb-block-aaca7d89\"><h2 class=\"uagb-heading-text\">Willkommen<\/h2><p class=\"uagb-desc-text\"><strong>Frische Zutaten, hausgemachte italienische Spezialit\u00e4ten.<\/strong><\/p><\/div>\n<\/div>\n<\/div><\/div>\n\n\n\n<div class=\"wp-block-uagb-container uagb-block-48bff3b2 alignfull uagb-is-root-container\"><div class=\"uagb-container-inner-blocks-wrap\">\n<div class=\"wp-block-uagb-container uagb-block-62282846\">\n<p>\u2022 <strong>Einfache Online-Bestellung:<\/strong> Wenige Klicks und Ihre Bestellung ist unterwegs!<br>\u2022 <strong>Schnelle Lieferung:<\/strong> Frisch und hei\u00df direkt zu Ihnen.<br>\u2022 <strong>Direkt und ohne Umwege:<\/strong> Bestellen Sie direkt auf unserer Webseite, ohne zus\u00e4tzliche Geb\u00fchren.<\/p>\n\n\n\n<div class=\"wp-block-uagb-buttons uagb-buttons__outer-wrap uagb-btn__default-btn uagb-btn-tablet__default-btn uagb-btn-mobile__default-btn uagb-block-db751941\"><div class=\"uagb-buttons__wrap uagb-buttons-layout-wrap \">\n<div class=\"wp-block-uagb-buttons-child uagb-buttons__outer-wrap uagb-block-ef1007d5 wp-block-button\"><div class=\"uagb-button__wrapper\"><a class=\"uagb-buttons-repeater wp-block-button__link\" aria-label=\"\" href=\"https:\/\/lecker-lecco.de\" rel=\"follow noopener\" target=\"_self\" role=\"button\"><div class=\"uagb-button__link\">Jetzt Online Bestellen<\/div><span class=\"uagb-button__icon uagb-button__icon-position-after\"><svg xmlns=\"https:\/\/www.w3.org\/2000\/svg\" viewBox=\"0 0 448 512\" aria-hidden=\"true\" focussable=\"false\"><path d=\"M438.6 278.6l-160 160C272.4 444.9 264.2 448 256 448s-16.38-3.125-22.62-9.375c-12.5-12.5-12.5-32.75 0-45.25L338.8 288H32C14.33 288 .0016 273.7 .0016 256S14.33 224 32 224h306.8l-105.4-105.4c-12.5-12.5-12.5-32.75 0-45.25s32.75-12.5 45.25 0l160 160C451.1 245.9 451.1 266.1 438.6 278.6z\"><\/path><\/svg><\/span><\/a><\/div><\/div>\n<\/div><\/div>\n\n\n\n<div class=\"wp-block-uagb-buttons uagb-buttons__outer-wrap uagb-btn__default-btn uagb-btn-tablet__default-btn uagb-btn-mobile__default-btn uagb-block-8988eead\"><div class=\"uagb-buttons__wrap uagb-buttons-layout-wrap \">\n<div class=\"wp-block-uagb-buttons-child uagb-buttons__outer-wrap uagb-block-3562e630 wp-block-button\"><div class=\"uagb-button__wrapper\"><a class=\"uagb-buttons-repeater wp-block-button__link\" aria-label=\"\" href=\"tel:034124806061\" rel=\"follow noopener\" target=\"_self\" role=\"button\"><div class=\"uagb-button__link\">Telefonische Bestellen<\/div><span class=\"uagb-button__icon uagb-button__icon-position-after\"><svg xmlns=\"https:\/\/www.w3.org\/2000\/svg\" viewBox=\"0 0 448 512\" aria-hidden=\"true\" focussable=\"false\"><path d=\"M438.6 278.6l-160 160C272.4 444.9 264.2 448 256 448s-16.38-3.125-22.62-9.375c-12.5-12.5-12.5-32.75 0-45.25L338.8 288H32C14.33 288 .0016 273.7 .0016 256S14.33 224 32 224h306.8l-105.4-105.4c-12.5-12.5-12.5-32.75 0-45.25s32.75-12.5 45.25 0l160 160C451.1 245.9 451.1 266.1 438.6 278.6z\"><\/path><\/svg><\/span><\/a><\/div><\/div>\n<\/div><\/div>\n\n\n\n<div class=\"wp-block-uagb-buttons uagb-buttons__outer-wrap uagb-btn__default-btn uagb-btn-tablet__default-btn uagb-btn-mobile__default-btn uagb-block-fdc1d948\"><div class=\"uagb-buttons__wrap uagb-buttons-layout-wrap \">\n<div class=\"wp-block-uagb-buttons-child uagb-buttons__outer-wrap uagb-block-bb6f4d4d wp-block-button\"><div class=\"uagb-button__wrapper\"><a class=\"uagb-buttons-repeater wp-block-button__link\" aria-label=\"\" href=\"https:\/\/www.lecco-pizza.de\/index.php\/contact\/\" rel=\"follow noopener\" target=\"_self\" role=\"button\"><div class=\"uagb-button__link\">jetzt uns kontaktieren<\/div><span class=\"uagb-button__icon uagb-button__icon-position-after\"><svg xmlns=\"https:\/\/www.w3.org\/2000\/svg\" viewBox=\"0 0 448 512\" aria-hidden=\"true\" focussable=\"false\"><path d=\"M438.6 278.6l-160 160C272.4 444.9 264.2 448 256 448s-16.38-3.125-22.62-9.375c-12.5-12.5-12.5-32.75 0-45.25L338.8 288H32C14.33 288 .0016 273.7 .0016 256S14.33 224 32 224h306.8l-105.4-105.4c-12.5-12.5-12.5-32.75 0-45.25s32.75-12.5 45.25 0l160 160C451.1 245.9 451.1 266.1 438.6 278.6z\"><\/path><\/svg><\/span><\/a><\/div><\/div>\n<\/div><\/div>\n<\/div>\n\n\n\n<div class=\"wp-block-uagb-container uagb-block-fa7248c5\">\n<div class=\"wp-block-uagb-image aligncenter uagb-block-2e313ae8 wp-block-uagb-image--layout-default wp-block-uagb-image--effect-static wp-block-uagb-image--align-center\"><figure class=\"wp-block-uagb-image__figure\"><img decoding=\"async\" srcset=\"https:\/\/www.lecco-pizza.de\/wp-content\/uploads\/2024\/03\/rabatt.jpeg ,https:\/\/www.lecco-pizza.de\/wp-content\/uploads\/2024\/03\/rabatt.jpeg 780w, https:\/\/www.lecco-pizza.de\/wp-content\/uploads\/2024\/03\/rabatt.jpeg 360w\" sizes=\"auto, (max-width: 480px) 150px\" src=\"https:\/\/www.lecco-pizza.de\/wp-content\/uploads\/2024\/03\/rabatt.jpeg\" alt=\"\" class=\"uag-image-918\" width=\"291\" height=\"294\" title=\"rabatt\" loading=\"lazy\" role=\"img\"\/><\/figure><\/div>\n\n\n\n<p class=\"has-medium-font-size\">Sie k\u00f6nnen das Wort \u201e<strong><em>lecco<\/em><\/strong>\u201c als Gutschein f\u00fcr einen Rabatt von <strong>10%<\/strong> auf alle Produkte verwenden.<\/p>\n\n\n\n<div class=\"wp-block-uagb-image aligncenter uagb-block-30aa1ff6 wp-block-uagb-image--layout-default wp-block-uagb-image--effect-static wp-block-uagb-image--align-center\"><figure class=\"wp-block-uagb-image__figure\"><img decoding=\"async\" srcset=\"https:\/\/www.lecco-pizza.de\/wp-content\/uploads\/2021\/03\/parcelli.png \" sizes=\"auto, (max-width: 480px) 150px\" src=\"https:\/\/www.lecco-pizza.de\/wp-content\/uploads\/2021\/03\/parcelli.png\" alt=\"\" class=\"uag-image-264\" width=\"108\" height=\"68\" title=\"\" loading=\"lazy\" role=\"img\"\/><\/figure><\/div>\n<\/div>\n<\/div><\/div>\n\n\n\n<p><\/p>\n","protected":false},"excerpt":{"rendered":"<p>Lecco. Der Geschmack Italiens ganz in Ihrer N\u00e4he! Good Pizza | Good Wine Willkommen Frische Zutaten, hausgemachte italienische Spezialit\u00e4ten. \u2022 Einfache Online-Bestellung: Wenige Klicks und Ihre Bestellung ist unterwegs!\u2022 Schnelle Lieferung: Frisch und hei\u00df direkt zu Ihnen.\u2022 Direkt und ohne Umwege: Bestellen Sie direkt auf unserer Webseite, ohne zus\u00e4tzliche Geb\u00fchren. Sie k\u00f6nnen das Wort \u201elecco\u201c [&hellip;]<\/p>\n","protected":false},"author":1,"featured_media":0,"parent":0,"menu_order":0,"comment_status":"closed","ping_status":"closed","template":"","meta":{"_uag_custom_page_level_css":"","_monsterinsights_skip_tracking":false,"_monsterinsights_sitenote_active":false,"_monsterinsights_sitenote_note":"","_monsterinsights_sitenote_category":0,"site-sidebar-layout":"no-sidebar","site-content-layout":"plain-container","ast-site-content-layout":"normal-width-container","site-content-style":"unboxed","site-sidebar-style":"unboxed","ast-global-header-display":"","ast-banner-title-visibility":"","ast-main-header-display":"","ast-hfb-above-header-display":"","ast-hfb-below-header-display":"","ast-hfb-mobile-header-display":"","site-post-title":"disabled","ast-breadcrumbs-content":"","ast-featured-img":"","footer-sml-layout":"","ast-disable-related-posts":"","theme-transparent-header-meta":"default","adv-header-id-meta":"","stick-header-meta":"","header-above-stick-meta":"","header-main-stick-meta":"","header-below-stick-meta":"","astra-migrate-meta-layouts":"set","ast-page-background-enabled":"default","ast-page-background-meta":{"desktop":{"background-color":"","background-image":"","background-repeat":"repeat","background-position":"center center","background-size":"auto","background-attachment":"scroll","background-type":"","background-media":"","overlay-type":"","overlay-color":"","overlay-opacity":"","overlay-gradient":""},"tablet":{"background-color":"","background-image":"","background-repeat":"repeat","background-position":"center center","background-size":"auto","background-attachment":"scroll","background-type":"","background-media":"","overlay-type":"","overlay-color":"","overlay-opacity":"","overlay-gradient":""},"mobile":{"background-color":"","background-image":"","background-repeat":"repeat","background-position":"center center","background-size":"auto","background-attachment":"scroll","background-type":"","background-media":"","overlay-type":"","overlay-color":"","overlay-opacity":"","overlay-gradient":""}},"ast-content-background-meta":{"desktop":{"background-color":"var(--ast-global-color-5)","background-image":"","background-repeat":"repeat","background-position":"center center","background-size":"auto","background-attachment":"scroll","background-type":"","background-media":"","overlay-type":"","overlay-color":"","overlay-opacity":"","overlay-gradient":""},"tablet":{"background-color":"var(--ast-global-color-5)","background-image":"","background-repeat":"repeat","background-position":"center center","background-size":"auto","background-attachment":"scroll","background-type":"","background-media":"","overlay-type":"","overlay-color":"","overlay-opacity":"","overlay-gradient":""},"mobile":{"background-color":"var(--ast-global-color-5)","background-image":"","background-repeat":"repeat","background-position":"center center","background-size":"auto","background-attachment":"scroll","background-type":"","background-media":"","overlay-type":"","overlay-color":"","overlay-opacity":"","overlay-gradient":""}},"footnotes":""},"class_list":["post-56","page","type-page","status-publish","hentry"],"aioseo_notices":[],"uagb_featured_image_src":{"full":false,"thumbnail":false,"medium":false,"medium_large":false,"large":false,"1536x1536":false,"2048x2048":false},"uagb_author_info":{"display_name":"leccoadminuser","author_link":"https:\/\/www.lecco-pizza.de\/index.php\/author\/leccoadminuser\/"},"uagb_comment_info":0,"uagb_excerpt":"Lecco. Der Geschmack Italiens ganz in Ihrer N\u00e4he! Good Pizza | Good Wine Willkommen Frische Zutaten, hausgemachte italienische Spezialit\u00e4ten. \u2022 Einfache Online-Bestellung: Wenige Klicks und Ihre Bestellung ist unterwegs!\u2022 Schnelle Lieferung: Frisch und hei\u00df direkt zu Ihnen.\u2022 Direkt und ohne Umwege: Bestellen Sie direkt auf unserer Webseite, ohne zus\u00e4tzliche Geb\u00fchren. Sie k\u00f6nnen das Wort \u201elecco\u201c&hellip;","_links":{"self":[{"href":"https:\/\/www.lecco-pizza.de\/index.php\/wp-json\/wp\/v2\/pages\/56","targetHints":{"allow":["GET"]}}],"collection":[{"href":"https:\/\/www.lecco-pizza.de\/index.php\/wp-json\/wp\/v2\/pages"}],"about":[{"href":"https:\/\/www.lecco-pizza.de\/index.php\/wp-json\/wp\/v2\/types\/page"}],"author":[{"embeddable":true,"href":"https:\/\/www.lecco-pizza.de\/index.php\/wp-json\/wp\/v2\/users\/1"}],"replies":[{"embeddable":true,"href":"https:\/\/www.lecco-pizza.de\/index.php\/wp-json\/wp\/v2\/comments?post=56"}],"version-history":[{"count":66,"href":"https:\/\/www.lecco-pizza.de\/index.php\/wp-json\/wp\/v2\/pages\/56\/revisions"}],"predecessor-version":[{"id":1119,"href":"https:\/\/www.lecco-pizza.de\/index.php\/wp-json\/wp\/v2\/pages\/56\/revisions\/1119"}],"wp:attachment":[{"href":"https:\/\/www.lecco-pizza.de\/index.php\/wp-json\/wp\/v2\/media?parent=56"}],"curies":[{"name":"wp","href":"https:\/\/api.w.org\/{rel}","templated":true}]}}